{"id":15587,"date":"2024-04-24T16:17:59","date_gmt":"2024-04-24T15:17:59","guid":{"rendered":"https:\/\/insidebraga.tryplisboacaparica.com\/politica-ambiental\/"},"modified":"2024-10-14T12:35:20","modified_gmt":"2024-10-14T11:35:20","slug":"politica-ambiental","status":"publish","type":"page","link":"https:\/\/www.goldenresidencehotel.com.pt\/es\/politica-ambiental\/","title":{"rendered":"Pol\u00edtica Ambiental"},"content":{"rendered":"\t\t<div data-elementor-type=\"wp-page\" data-elementor-id=\"15587\" class=\"elementor elementor-15587 elementor-15104\" data-elementor-post-type=\"page\">\n\t\t\t\t<section class=\"elementor-element elementor-element-6c6eb2b e-con-full e-flex e-con e-parent\" data-id=\"6c6eb2b\" data-element_type=\"container\" data-settings=\"{&quot;background_background&quot;:&quot;classic&quot;}\">\n\t\t<div class=\"elementor-element elementor-element-88c41f8 e-con-full e-flex e-con e-child\" data-id=\"88c41f8\" data-element_type=\"container\">\n\t\t\t\t<div class=\"elementor-element elementor-element-d99bec5 elementor-widget elementor-widget-heading\" data-id=\"d99bec5\" data-element_type=\"widget\" data-widget_type=\"heading.default\">\n\t\t\t\t<div class=\"elementor-widget-container\">\n\t\t\t\t\t<h1 class=\"elementor-heading-title elementor-size-default\">Pol\u00edtica<\/h1>\t\t\t\t<\/div>\n\t\t\t\t<\/div>\n\t\t\t\t<div class=\"elementor-element elementor-element-1de591b elementor-widget elementor-widget-heading\" data-id=\"1de591b\" data-element_type=\"widget\" data-widget_type=\"heading.default\">\n\t\t\t\t<div class=\"elementor-widget-container\">\n\t\t\t\t\t<h1 class=\"elementor-heading-title elementor-size-default\">ambiental<\/h1>\t\t\t\t<\/div>\n\t\t\t\t<\/div>\n\t\t\t\t<\/div>\n\t\t\t\t<\/section>\n\t\t<section class=\"elementor-element elementor-element-cab6987 e-con-full e-flex e-con e-parent\" data-id=\"cab6987\" data-element_type=\"container\">\n\t\t\t\t<div class=\"elementor-element elementor-element-a610a2c elementor-widget elementor-widget-text-editor\" data-id=\"a610a2c\" data-element_type=\"widget\" data-widget_type=\"text-editor.default\">\n\t\t\t\t<div class=\"elementor-widget-container\">\n\t\t\t\t\t\t\t\t\t<p>El <strong>Hotel Golden Residence<\/strong> es consciente de la importancia de una gesti\u00f3n responsable y sostenible en el desarrollo de la actividad hotelera. Bajo estas directrices, nos comprometemos a desarrollar y adoptar buenas pr\u00e1cticas encaminadas a minimizar el impacto ambiental de nuestros servicios, preservar los recursos naturales, la eficiencia energ\u00e9tica y construir un futuro sostenible en el sector tur\u00edstico. Para ello, el <strong>Hotel Golden Residence<\/strong> establece esta pol\u00edtica en los siguientes t\u00e9rminos:<\/p>\t\t\t\t\t\t\t\t<\/div>\n\t\t\t\t<\/div>\n\t\t\t\t<\/section>\n\t\t<section class=\"elementor-element elementor-element-16e7567 e-con-full e-flex e-con e-parent\" data-id=\"16e7567\" data-element_type=\"container\">\n\t\t<div class=\"elementor-element elementor-element-32eb677 e-con-full e-flex e-con e-child\" data-id=\"32eb677\" data-element_type=\"container\" data-settings=\"{&quot;background_background&quot;:&quot;classic&quot;}\">\n\t\t\t\t<div class=\"elementor-element elementor-element-0675144 elementor-widget elementor-widget-spacer\" data-id=\"0675144\" data-element_type=\"widget\" data-widget_type=\"spacer.default\">\n\t\t\t\t<div class=\"elementor-widget-container\">\n\t\t\t\t\t\t\t<div class=\"elementor-spacer\">\n\t\t\t<div class=\"elementor-spacer-inner\"><\/div>\n\t\t<\/div>\n\t\t\t\t\t\t<\/div>\n\t\t\t\t<\/div>\n\t\t\t\t<\/div>\n\t\t<div class=\"elementor-element elementor-element-d63fbdc e-con-full e-flex e-con e-child\" data-id=\"d63fbdc\" data-element_type=\"container\">\n\t\t<div class=\"elementor-element elementor-element-1591f18 e-con-full e-flex e-con e-child\" data-id=\"1591f18\" data-element_type=\"container\">\n\t\t\t\t<div class=\"elementor-element elementor-element-aa51c00 elementor-widget elementor-widget-text-editor\" data-id=\"aa51c00\" data-element_type=\"widget\" data-widget_type=\"text-editor.default\">\n\t\t\t\t<div class=\"elementor-widget-container\">\n\t\t\t\t\t\t\t\t\t<div class=\"ewa-rteLine\">Cumplir los requisitos legales y ambientales aplicables a su actividad, evaluando peri\u00f3dicamente sus impactos<\/div><div class=\"ewa-rteLine\">\u00a0<\/div><div class=\"ewa-rteLine\">Promover la sensibilizaci\u00f3n y formaci\u00f3n ambiental entre los empleados para implicarles y formarles en buenas pr\u00e1cticas ambientales<\/div><div class=\"ewa-rteLine\">\u00a0<\/div><div class=\"ewa-rteLine\">Cooperar y promover la comunicaci\u00f3n con organismos y asociaciones gubernamentales y externas.<\/div>\t\t\t\t\t\t\t\t<\/div>\n\t\t\t\t<\/div>\n\t\t\t\t<\/div>\n\t\t\t\t<\/div>\n\t\t\t\t<\/section>\n\t\t<section class=\"elementor-element elementor-element-0928446 e-con-full e-flex e-con e-parent\" data-id=\"0928446\" data-element_type=\"container\">\n\t\t<div class=\"elementor-element elementor-element-e894d0e e-con-full e-flex e-con e-child\" data-id=\"e894d0e\" data-element_type=\"container\">\n\t\t<div class=\"elementor-element elementor-element-b5cc52a e-con-full e-flex e-con e-child\" data-id=\"b5cc52a\" data-element_type=\"container\">\n\t\t\t\t<div class=\"elementor-element elementor-element-fea7ff0 elementor-widget__width-initial elementor-widget elementor-widget-text-editor\" data-id=\"fea7ff0\" data-element_type=\"widget\" data-widget_type=\"text-editor.default\">\n\t\t\t\t<div class=\"elementor-widget-container\">\n\t\t\t\t\t\t\t\t\t<div class=\"ewa-rteLine\">Fomentar la implicaci\u00f3n de los proveedores en cuestiones de buenas pr\u00e1cticas medioambientales con vistas a mejorar el rendimiento en este \u00e1mbito y el de toda la operaci\u00f3n implicada.<\/div><div class=\"ewa-rteLine\">\u00a0<\/div><div class=\"ewa-rteLine\">Reducir y controlar el consumo de energ\u00eda y materias primas<\/div><div class=\"ewa-rteLine\">\u00a0<\/div><div class=\"ewa-rteLine\">Adoptar una actitud de mejora continua en la prevenci\u00f3n de la contaminaci\u00f3n<\/div><div class=\"ewa-rteLine\">\u00a0<\/div><div class=\"ewa-rteLine\">Consolidar la conquista de clientes dispuestos a aprovechar los servicios ofrecidos por la empresa, con un alto nivel de calidad<\/div>\t\t\t\t\t\t\t\t<\/div>\n\t\t\t\t<\/div>\n\t\t\t\t<\/div>\n\t\t\t\t<\/div>\n\t\t<div class=\"elementor-element elementor-element-2ac5ff6 e-con-full e-flex e-con e-child\" data-id=\"2ac5ff6\" data-element_type=\"container\" data-settings=\"{&quot;background_background&quot;:&quot;classic&quot;}\">\n\t\t\t\t<div class=\"elementor-element elementor-element-84b994a elementor-widget elementor-widget-spacer\" data-id=\"84b994a\" data-element_type=\"widget\" data-widget_type=\"spacer.default\">\n\t\t\t\t<div class=\"elementor-widget-container\">\n\t\t\t\t\t\t\t<div class=\"elementor-spacer\">\n\t\t\t<div class=\"elementor-spacer-inner\"><\/div>\n\t\t<\/div>\n\t\t\t\t\t\t<\/div>\n\t\t\t\t<\/div>\n\t\t\t\t<\/div>\n\t\t\t\t<\/section>\n\t\t<section class=\"elementor-element elementor-element-a29bc57 e-con-full e-flex e-con e-parent\" data-id=\"a29bc57\" data-element_type=\"container\">\n\t\t\t\t<div class=\"elementor-element elementor-element-804f03e elementor-widget elementor-widget-text-editor\" data-id=\"804f03e\" data-element_type=\"widget\" data-widget_type=\"text-editor.default\">\n\t\t\t\t<div class=\"elementor-widget-container\">\n\t\t\t\t\t\t\t\t\t<p>Teniendo en cuenta estos principios, as\u00ed como proporcionando los recursos necesarios y adecuados, incluyendo un compromiso con los recursos humanos especializados, con formaci\u00f3n peri\u00f3dica y equipos tecnol\u00f3gicamente avanzados, el Hotel Golden Residence siempre busca satisfacer plenamente las necesidades y expectativas de sus clientes.<\/p>\t\t\t\t\t\t\t\t<\/div>\n\t\t\t\t<\/div>\n\t\t\t\t<\/section>\n\t\t\t\t<\/div>\n\t\t","protected":false},"excerpt":{"rendered":"<p>Pol\u00edtica ambiental El Hotel Golden Residence es consciente de la importancia de una gesti\u00f3n responsable y sostenible en el desarrollo de la actividad hotelera. Bajo estas directrices, nos comprometemos a desarrollar y adoptar buenas pr\u00e1cticas encaminadas a minimizar el impacto ambiental de nuestros servicios, preservar los recursos naturales, la eficiencia energ\u00e9tica y construir un futuro [&hellip;]<\/p>\n","protected":false},"author":1,"featured_media":0,"parent":0,"menu_order":0,"comment_status":"closed","ping_status":"closed","template":"","meta":{"_acf_changed":false,"footnotes":""},"class_list":["post-15587","page","type-page","status-publish","hentry"],"acf":[],"yoast_head":"<!-- This site is optimized with the Yoast SEO plugin v24.5 - https:\/\/yoast.com\/wordpress\/plugins\/seo\/ -->\n<title>Pol\u00edtica Ambiental - Golden Residence<\/title>\n<meta name=\"description\" content=\"Hotel na Madeira com localiza\u00e7\u00e3o privilegiada. Melhor pre\u00e7o. Consulte as nossas promo\u00e7\u00f5es e vantagens. Desfrute de uma estadia inesquec\u00edvel.\" \/>\n<meta name=\"robots\" content=\"index, follow, max-snippet:-1, max-image-preview:large, max-video-preview:-1\" \/>\n<link rel=\"canonical\" href=\"https:\/\/www.goldenresidencehotel.com.pt\/es\/politica-ambiental\/\" \/>\n<meta property=\"og:locale\" content=\"es_ES\" \/>\n<meta property=\"og:type\" content=\"article\" \/>\n<meta property=\"og:title\" content=\"Pol\u00edtica Ambiental - Golden Residence\" \/>\n<meta property=\"og:description\" content=\"Hotel na Madeira com localiza\u00e7\u00e3o privilegiada. Melhor pre\u00e7o. Consulte as nossas promo\u00e7\u00f5es e vantagens. Desfrute de uma estadia inesquec\u00edvel.\" \/>\n<meta property=\"og:url\" content=\"https:\/\/www.goldenresidencehotel.com.pt\/es\/politica-ambiental\/\" \/>\n<meta property=\"og:site_name\" content=\"Golden Residence\" \/>\n<meta property=\"article:publisher\" content=\"https:\/\/www.facebook.com\/hotelgoldenresidence\/\" \/>\n<meta property=\"article:modified_time\" content=\"2024-10-14T11:35:20+00:00\" \/>\n<meta property=\"og:image\" content=\"https:\/\/www.goldenresidencehotel.com.pt\/wp-content\/uploads\/sites\/27\/2024\/07\/GOLDEN.jpg\" \/>\n\t<meta property=\"og:image:width\" content=\"1200\" \/>\n\t<meta property=\"og:image:height\" content=\"630\" \/>\n\t<meta property=\"og:image:type\" content=\"image\/jpeg\" \/>\n<meta name=\"twitter:card\" content=\"summary_large_image\" \/>\n<meta name=\"twitter:label1\" content=\"Tiempo de lectura\" \/>\n\t<meta name=\"twitter:data1\" content=\"2 minutos\" \/>\n<script type=\"application\/ld+json\" class=\"yoast-schema-graph\">{\"@context\":\"https:\/\/schema.org\",\"@graph\":[{\"@type\":\"WebPage\",\"@id\":\"https:\/\/www.goldenresidencehotel.com.pt\/es\/politica-ambiental\/\",\"url\":\"https:\/\/www.goldenresidencehotel.com.pt\/es\/politica-ambiental\/\",\"name\":\"Pol\u00edtica Ambiental - Golden Residence\",\"isPartOf\":{\"@id\":\"https:\/\/www.goldenresidencehotel.com.pt\/es\/#website\"},\"datePublished\":\"2024-04-24T15:17:59+00:00\",\"dateModified\":\"2024-10-14T11:35:20+00:00\",\"description\":\"Hotel na Madeira com localiza\u00e7\u00e3o privilegiada. Melhor pre\u00e7o. Consulte as nossas promo\u00e7\u00f5es e vantagens. Desfrute de uma estadia inesquec\u00edvel.\",\"breadcrumb\":{\"@id\":\"https:\/\/www.goldenresidencehotel.com.pt\/es\/politica-ambiental\/#breadcrumb\"},\"inLanguage\":\"es\",\"potentialAction\":[{\"@type\":\"ReadAction\",\"target\":[\"https:\/\/www.goldenresidencehotel.com.pt\/es\/politica-ambiental\/\"]}]},{\"@type\":\"BreadcrumbList\",\"@id\":\"https:\/\/www.goldenresidencehotel.com.pt\/es\/politica-ambiental\/#breadcrumb\",\"itemListElement\":[{\"@type\":\"ListItem\",\"position\":1,\"name\":\"In\u00edcio\",\"item\":\"https:\/\/www.goldenresidencehotel.com.pt\/es\/\"},{\"@type\":\"ListItem\",\"position\":2,\"name\":\"Pol\u00edtica Ambiental\"}]},{\"@type\":\"WebSite\",\"@id\":\"https:\/\/www.goldenresidencehotel.com.pt\/es\/#website\",\"url\":\"https:\/\/www.goldenresidencehotel.com.pt\/es\/\",\"name\":\"Golden Residence\",\"description\":\"O Golden Residence \u00e9 um hotel de ambiente relaxante e descontra\u00eddo.\",\"publisher\":{\"@id\":\"https:\/\/www.goldenresidencehotel.com.pt\/es\/#organization\"},\"alternateName\":\"Golden Residence Madeira\",\"potentialAction\":[{\"@type\":\"SearchAction\",\"target\":{\"@type\":\"EntryPoint\",\"urlTemplate\":\"https:\/\/www.goldenresidencehotel.com.pt\/es\/?s={search_term_string}\"},\"query-input\":{\"@type\":\"PropertyValueSpecification\",\"valueRequired\":true,\"valueName\":\"search_term_string\"}}],\"inLanguage\":\"es\"},{\"@type\":\"Organization\",\"@id\":\"https:\/\/www.goldenresidencehotel.com.pt\/es\/#organization\",\"name\":\"Golden Residence\",\"alternateName\":\"Golden Residence Madeira\",\"url\":\"https:\/\/www.goldenresidencehotel.com.pt\/es\/\",\"logo\":{\"@type\":\"ImageObject\",\"inLanguage\":\"es\",\"@id\":\"https:\/\/www.goldenresidencehotel.com.pt\/es\/#\/schema\/logo\/image\/\",\"url\":\"https:\/\/www.goldenresidencehotel.com.pt\/wp-content\/uploads\/sites\/27\/2023\/11\/GoldenResidence_Logo.svg\",\"contentUrl\":\"https:\/\/www.goldenresidencehotel.com.pt\/wp-content\/uploads\/sites\/27\/2023\/11\/GoldenResidence_Logo.svg\",\"width\":1,\"height\":1,\"caption\":\"Golden Residence\"},\"image\":{\"@id\":\"https:\/\/www.goldenresidencehotel.com.pt\/es\/#\/schema\/logo\/image\/\"},\"sameAs\":[\"https:\/\/www.facebook.com\/hotelgoldenresidence\/\",\"https:\/\/www.linkedin.com\/company\/hoti-hoteis\/\",\"https:\/\/www.tripadvisor.pt\/UserReviewEdit-g189167-d807341-Golden_Residence-Funchal_Madeira_Madeira_Islands.html\"]}]}<\/script>\n<!-- \/ Yoast SEO plugin. -->","yoast_head_json":{"title":"Pol\u00edtica Ambiental - Golden Residence","description":"Hotel na Madeira com localiza\u00e7\u00e3o privilegiada. Melhor pre\u00e7o. Consulte as nossas promo\u00e7\u00f5es e vantagens. Desfrute de uma estadia inesquec\u00edvel.","robots":{"index":"index","follow":"follow","max-snippet":"max-snippet:-1","max-image-preview":"max-image-preview:large","max-video-preview":"max-video-preview:-1"},"canonical":"https:\/\/www.goldenresidencehotel.com.pt\/es\/politica-ambiental\/","og_locale":"es_ES","og_type":"article","og_title":"Pol\u00edtica Ambiental - Golden Residence","og_description":"Hotel na Madeira com localiza\u00e7\u00e3o privilegiada. Melhor pre\u00e7o. Consulte as nossas promo\u00e7\u00f5es e vantagens. Desfrute de uma estadia inesquec\u00edvel.","og_url":"https:\/\/www.goldenresidencehotel.com.pt\/es\/politica-ambiental\/","og_site_name":"Golden Residence","article_publisher":"https:\/\/www.facebook.com\/hotelgoldenresidence\/","article_modified_time":"2024-10-14T11:35:20+00:00","og_image":[{"width":1200,"height":630,"url":"https:\/\/www.goldenresidencehotel.com.pt\/wp-content\/uploads\/sites\/27\/2024\/07\/GOLDEN.jpg","type":"image\/jpeg"}],"twitter_card":"summary_large_image","twitter_misc":{"Tiempo de lectura":"2 minutos"},"schema":{"@context":"https:\/\/schema.org","@graph":[{"@type":"WebPage","@id":"https:\/\/www.goldenresidencehotel.com.pt\/es\/politica-ambiental\/","url":"https:\/\/www.goldenresidencehotel.com.pt\/es\/politica-ambiental\/","name":"Pol\u00edtica Ambiental - Golden Residence","isPartOf":{"@id":"https:\/\/www.goldenresidencehotel.com.pt\/es\/#website"},"datePublished":"2024-04-24T15:17:59+00:00","dateModified":"2024-10-14T11:35:20+00:00","description":"Hotel na Madeira com localiza\u00e7\u00e3o privilegiada. Melhor pre\u00e7o. Consulte as nossas promo\u00e7\u00f5es e vantagens. Desfrute de uma estadia inesquec\u00edvel.","breadcrumb":{"@id":"https:\/\/www.goldenresidencehotel.com.pt\/es\/politica-ambiental\/#breadcrumb"},"inLanguage":"es","potentialAction":[{"@type":"ReadAction","target":["https:\/\/www.goldenresidencehotel.com.pt\/es\/politica-ambiental\/"]}]},{"@type":"BreadcrumbList","@id":"https:\/\/www.goldenresidencehotel.com.pt\/es\/politica-ambiental\/#breadcrumb","itemListElement":[{"@type":"ListItem","position":1,"name":"In\u00edcio","item":"https:\/\/www.goldenresidencehotel.com.pt\/es\/"},{"@type":"ListItem","position":2,"name":"Pol\u00edtica Ambiental"}]},{"@type":"WebSite","@id":"https:\/\/www.goldenresidencehotel.com.pt\/es\/#website","url":"https:\/\/www.goldenresidencehotel.com.pt\/es\/","name":"Golden Residence","description":"O Golden Residence \u00e9 um hotel de ambiente relaxante e descontra\u00eddo.","publisher":{"@id":"https:\/\/www.goldenresidencehotel.com.pt\/es\/#organization"},"alternateName":"Golden Residence Madeira","potentialAction":[{"@type":"SearchAction","target":{"@type":"EntryPoint","urlTemplate":"https:\/\/www.goldenresidencehotel.com.pt\/es\/?s={search_term_string}"},"query-input":{"@type":"PropertyValueSpecification","valueRequired":true,"valueName":"search_term_string"}}],"inLanguage":"es"},{"@type":"Organization","@id":"https:\/\/www.goldenresidencehotel.com.pt\/es\/#organization","name":"Golden Residence","alternateName":"Golden Residence Madeira","url":"https:\/\/www.goldenresidencehotel.com.pt\/es\/","logo":{"@type":"ImageObject","inLanguage":"es","@id":"https:\/\/www.goldenresidencehotel.com.pt\/es\/#\/schema\/logo\/image\/","url":"https:\/\/www.goldenresidencehotel.com.pt\/wp-content\/uploads\/sites\/27\/2023\/11\/GoldenResidence_Logo.svg","contentUrl":"https:\/\/www.goldenresidencehotel.com.pt\/wp-content\/uploads\/sites\/27\/2023\/11\/GoldenResidence_Logo.svg","width":1,"height":1,"caption":"Golden Residence"},"image":{"@id":"https:\/\/www.goldenresidencehotel.com.pt\/es\/#\/schema\/logo\/image\/"},"sameAs":["https:\/\/www.facebook.com\/hotelgoldenresidence\/","https:\/\/www.linkedin.com\/company\/hoti-hoteis\/","https:\/\/www.tripadvisor.pt\/UserReviewEdit-g189167-d807341-Golden_Residence-Funchal_Madeira_Madeira_Islands.html"]}]}},"_links":{"self":[{"href":"https:\/\/www.goldenresidencehotel.com.pt\/es\/wp-json\/wp\/v2\/pages\/15587","targetHints":{"allow":["GET"]}}],"collection":[{"href":"https:\/\/www.goldenresidencehotel.com.pt\/es\/wp-json\/wp\/v2\/pages"}],"about":[{"href":"https:\/\/www.goldenresidencehotel.com.pt\/es\/wp-json\/wp\/v2\/types\/page"}],"author":[{"embeddable":true,"href":"https:\/\/www.goldenresidencehotel.com.pt\/es\/wp-json\/wp\/v2\/users\/1"}],"replies":[{"embeddable":true,"href":"https:\/\/www.goldenresidencehotel.com.pt\/es\/wp-json\/wp\/v2\/comments?post=15587"}],"version-history":[{"count":10,"href":"https:\/\/www.goldenresidencehotel.com.pt\/es\/wp-json\/wp\/v2\/pages\/15587\/revisions"}],"predecessor-version":[{"id":23706,"href":"https:\/\/www.goldenresidencehotel.com.pt\/es\/wp-json\/wp\/v2\/pages\/15587\/revisions\/23706"}],"wp:attachment":[{"href":"https:\/\/www.goldenresidencehotel.com.pt\/es\/wp-json\/wp\/v2\/media?parent=15587"}],"curies":[{"name":"wp","href":"https:\/\/api.w.org\/{rel}","templated":true}]}}